{"id":74,"date":"2022-03-17T11:07:02","date_gmt":"2022-03-17T11:07:02","guid":{"rendered":"https:\/\/esibike.it\/index.php\/home\/"},"modified":"2023-11-06T10:02:05","modified_gmt":"2023-11-06T10:02:05","slug":"home","status":"publish","type":"page","link":"https:\/\/esibike.it\/","title":{"rendered":"Home"},"content":{"rendered":"\n    \n    <section class=\"u-align-center u-clearfix u-image u-shading u-section-2\" id=\"carousel_790c\" data-image-width=\"1280\" data-image-height=\"853\" style=\"background-image: linear-gradient(0deg, rgba(41, 46, 51, 0.4), rgba(41, 46, 51, 0.4)), url(&quot;https:\/\/esibike.it\/wp-content\/uploads\/2022\/03\/fb23f35f9dd2fc6a09d6e10f72041ba9f7e33e0074806b559b529788b456565f24be856ccdeae61a3dc843b04c1660f01ae16e199573a604ed81e5_1280.jpg&quot;);\">\n      <div class=\"u-clearfix u-sheet u-sheet-1\">\n        <h4 class=\"u-custom-font u-font-source-sans-pro u-text u-text-default u-text-1\">LE VIE RURALI DEL SAN VICINO E DELL'ESINO<\/h4>\n        <img decoding=\"async\" src=\"https:\/\/esibike.it\/wp-content\/uploads\/2022\/03\/logobiancotrasparente1.png\" alt=\"\" class=\"u-image u-image-contain u-image-default u-image-1\" data-image-width=\"256\" data-image-height=\"185\">\n        <h1 class=\"u-text u-text-default u-text-2\">BIKE FRIENDLY<\/h1>\n        <p class=\"u-text u-text-body-alt-color u-text-3\">OGGETTO: Reg. (UE) n. 1305\/2013 - PSR Regione Marche 2014\u20132022 \u2013 Sottomisura<br>19.3 \u201cPreparazione e attuazione delle attivit\u00e0 di cooperazione dei GAL\u201d - DDS n. 187\/2019<br>e DDS n. 425\/2019 \u2013 domanda ID 43427 GAL Colli Esini San Vicino srl relativa al progetto<br>di cooperazione interterritoriale \u201cAree rurali Bikefriendly\u201d. \n        <\/p>\n        <h3 class=\"u-text u-text-body-alt-color u-text-4\">Alla scoperta dei paesaggi, della natura, della cultura e dei sapori delle Marche centrali <\/h3>\n      <\/div>\n    <\/section>\n    <section class=\"u-align-center u-clearfix u-palette-5-dark-3 u-section-3\" id=\"carousel_5369\">\n      <div class=\"u-clearfix u-sheet u-sheet-1\">\n        <div class=\"u-layout-grid u-list u-list-1\">\n          <div class=\"u-repeater u-repeater-1\">\n            <div class=\"u-align-center u-container-style u-gradient u-list-item u-radius-32 u-repeater-item u-shape-round u-list-item-1\">\n              <div class=\"u-container-layout u-similar-container u-container-layout-1\"><span class=\"u-file-icon u-icon u-text-custom-color-5 u-icon-1\"><img decoding=\"async\" src=\"https:\/\/esibike.it\/wp-content\/uploads\/2022\/03\/5.png\" alt=\"\"><\/span>\n                <h4 class=\"u-text u-text-1\">\n                  <a class=\"u-active-none u-border-none u-btn u-button-link u-button-style u-hover-none u-none u-text-custom-color-4 u-btn-1\" href=\"#\">ITINERARIO ENRICO MATTEI<\/a>\n                <\/h4>\n                <a href=\"https:\/\/esibike.it\/index.php\/mattei\/\" class=\"u-border-2 u-border-custom-color-3 u-border-hover-palette-3-base u-btn u-btn-round u-button-style u-hover-palette-3-light-2 u-none u-radius-50 u-btn-2\">vai<\/a>\n              <\/div>\n            <\/div>\n            <div class=\"u-align-center u-container-style u-gradient u-list-item u-radius-32 u-repeater-item u-shape-round u-video-cover u-list-item-2\">\n              <div class=\"u-container-layout u-similar-container u-container-layout-2\"><span class=\"u-file-icon u-icon u-text-custom-color-5 u-icon-2\"><img decoding=\"async\" src=\"https:\/\/esibike.it\/wp-content\/uploads\/2022\/03\/5.png\" alt=\"\"><\/span>\n                <h4 class=\"u-text u-text-2\">ITINERARIO&nbsp;<br>G.B. SALVI<br>\n                <\/h4>\n                <a href=\"https:\/\/esibike.it\/index.php\/salvi\/\" class=\"u-border-2 u-border-custom-color-3 u-border-hover-palette-3-base u-btn u-btn-round u-button-style u-hover-palette-3-light-2 u-none u-radius-50 u-btn-3\">vai<\/a>\n              <\/div>\n            <\/div>\n            <div class=\"u-align-center u-container-style u-gradient u-list-item u-radius-32 u-repeater-item u-shape-round u-video-cover u-list-item-3\">\n              <div class=\"u-container-layout u-similar-container u-container-layout-3\"><span class=\"u-file-icon u-icon u-text-custom-color-5 u-icon-3\"><img decoding=\"async\" src=\"https:\/\/esibike.it\/wp-content\/uploads\/2022\/03\/5.png\" alt=\"\"><\/span>\n                <h4 class=\"u-text u-text-3\">ITINERARIO CARLO URBANI<\/h4>\n                <a href=\"https:\/\/esibike.it\/index.php\/urbani\/\" class=\"u-border-2 u-border-custom-color-3 u-border-hover-palette-3-base u-btn u-btn-round u-button-style u-hover-palette-3-light-2 u-none u-radius-50 u-btn-4\">vai<\/a>\n              <\/div>\n            <\/div>\n            <div class=\"u-align-center u-container-style u-gradient u-list-item u-radius-32 u-repeater-item u-shape-round u-video-cover u-list-item-4\">\n              <div class=\"u-container-layout u-similar-container u-container-layout-4\"><span class=\"u-file-icon u-icon u-text-custom-color-5 u-icon-4\"><img decoding=\"async\" src=\"https:\/\/esibike.it\/wp-content\/uploads\/2022\/03\/5.png\" alt=\"\"><\/span>\n                <h4 class=\"u-text u-text-4\">ITINERARIO M.SCARPONI<br>\n                <\/h4>\n                <a href=\"https:\/\/esibike.it\/index.php\/scarponi\/\" class=\"u-border-2 u-border-custom-color-3 u-border-hover-palette-3-base u-btn u-btn-round u-button-style u-hover-palette-3-light-2 u-none u-radius-50 u-btn-5\">vai<\/a>\n              <\/div>\n            <\/div>\n          <\/div>\n        <\/div>\n        <h6 class=\"u-text u-text-default u-text-5\">Proggetto realizzato con il contributo<\/h6>\n        <img decoding=\"async\" class=\"u-align-center u-image u-image-default u-image-1\" src=\"https:\/\/esibike.it\/wp-content\/uploads\/2022\/03\/NuovoPiedinoleader.jpg\" alt=\"\" data-image-width=\"2095\" data-image-height=\"180\">\n      <\/div>\n    <\/section>\n    <section class=\"u-align-center u-clearfix u-custom-color-4 u-hidden u-section-4\" id=\"carousel_21e7\">\n      <div class=\"u-clearfix u-sheet u-valign-middle-xs u-sheet-1\">\n        <div class=\"u-border-1 u-border-grey-dark-1 u-expanded-width-md u-expanded-width-sm u-expanded-width-xs u-line u-line-horizontal u-line-1\"><\/div>\n        <div class=\"u-expanded-width u-gallery u-layout-grid u-lightbox u-no-transition u-show-text-on-hover u-gallery-1\">\n          <div class=\"u-gallery-inner u-gallery-inner-1\">\n            <div class=\"u-effect-fade u-gallery-item u-shape-rectangle\">\n              <div class=\"u-back-slide\" data-image-width=\"349\" data-image-height=\"196\">\n                <img decoding=\"async\" class=\"u-back-image u-expanded u-image-contain\" src=\"https:\/\/esibike.it\/wp-content\/uploads\/2022\/03\/1.png\">\n              <\/div>\n              <div class=\"u-over-slide u-shading u-over-slide-1\">\n                <h3 class=\"u-gallery-heading\"><\/h3>\n                <p class=\"u-gallery-text\"><\/p>\n              <\/div>\n            <\/div>\n            <div class=\"u-effect-fade u-gallery-item u-shape-rectangle\">\n              <div class=\"u-back-slide\" data-image-width=\"350\" data-image-height=\"196\">\n                <img decoding=\"async\" class=\"u-back-image u-expanded u-image-contain\" src=\"https:\/\/esibike.it\/wp-content\/uploads\/2022\/03\/2.png\">\n              <\/div>\n              <div class=\"u-over-slide u-shading u-over-slide-2\">\n                <h3 class=\"u-gallery-heading\"><\/h3>\n                <p class=\"u-gallery-text\"><\/p>\n              <\/div>\n            <\/div>\n            <div class=\"u-effect-fade u-gallery-item u-shape-rectangle\">\n              <div class=\"u-back-slide\" data-image-width=\"350\" data-image-height=\"196\">\n                <img decoding=\"async\" class=\"u-back-image u-expanded u-image-contain\" src=\"https:\/\/esibike.it\/wp-content\/uploads\/2022\/03\/5-18.png\">\n              <\/div>\n              <div class=\"u-over-slide u-shading u-over-slide-3\">\n                <h3 class=\"u-gallery-heading\"><\/h3>\n                <p class=\"u-gallery-text\"><\/p>\n              <\/div>\n            <\/div>\n            <div class=\"u-effect-fade u-gallery-item u-shape-rectangle\">\n              <div class=\"u-back-slide\" data-image-width=\"350\" data-image-height=\"196\">\n                <img decoding=\"async\" class=\"u-back-image u-expanded u-image-contain\" src=\"https:\/\/esibike.it\/wp-content\/uploads\/2022\/03\/3.png\">\n              <\/div>\n              <div class=\"u-over-slide u-shading u-over-slide-4\">\n                <h3 class=\"u-gallery-heading\"><\/h3>\n                <p class=\"u-gallery-text\"><\/p>\n              <\/div>\n            <\/div>\n            <div class=\"u-effect-fade u-gallery-item u-shape-rectangle\">\n              <div class=\"u-back-slide\" data-image-width=\"350\" data-image-height=\"196\">\n                <img decoding=\"async\" class=\"u-back-image u-expanded u-image-contain\" src=\"https:\/\/esibike.it\/wp-content\/uploads\/2022\/03\/42.png\">\n              <\/div>\n              <div class=\"u-over-slide u-shading u-over-slide-5\">\n                <h3 class=\"u-gallery-heading\"><\/h3>\n                <p class=\"u-gallery-text\"><\/p>\n              <\/div>\n            <\/div>\n          <\/div>\n        <\/div>\n      <\/div>\n    <\/section>\n    <section class=\"u-clearfix u-palette-5-dark-3 u-section-5\" id=\"carousel_3d89\">\n      <div class=\"u-clearfix u-sheet u-valign-middle-lg u-valign-middle-xl u-sheet-1\">\n        <div class=\"u-border-10 u-border-white u-image u-image-circle u-image-1\" data-image-width=\"150\" data-image-height=\"100\" style=\"background-image: url(&quot;https:\/\/esibike.it\/wp-content\/uploads\/2022\/03\/86cf5de9155d0a6b6dbf7a075c512f10eaa32764e6c42daf78a0147c2ab9cdacfbdbe3e5f4b9d5648a340254d7548492c9da006c2e1d6f60f1f3ed_1280.jpg&quot;);\"><\/div>\n        <div class=\"u-image u-image-circle u-image-2\" data-image-width=\"1280\" data-image-height=\"853\" style=\"background-image: url(&quot;https:\/\/esibike.it\/wp-content\/uploads\/2022\/03\/ce4b3a58e2df10506e37941444eacf2287361774f6b843e18d6697e1625e4d3f667ecbfa924284a4987a88a14d0e3bcbb0ccf6a231eee9fd6fb9da_1280.jpg&quot;);\"><\/div>\n        <div class=\"u-border-20 u-border-white u-image u-image-circle u-image-3\" data-image-width=\"1280\" data-image-height=\"853\" style=\"background-image: url(&quot;https:\/\/pixabay.com\/get\/g5bf9233acd71602395c3e84694afca460b43507c7b3ae99f6967e489e8be8f862a5f1230fdbc53bb503dc88afa0fa90d0819536f287b9ef1d0496ded56d97924_1280.jpg&quot;);\"><\/div>\n        <div class=\"u-shape u-shape-svg u-text-palette-3-light-1 u-shape-1\">\n          <svg class=\"u-svg-link\" preserveAspectRatio=\"none\" viewBox=\"0 0 160 160\" style=\"\"><use xmlns:xlink=\"http:\/\/www.w3.org\/1999\/xlink\" xlink:href=\"#svg-1186\"><\/use><\/svg>\n          <svg class=\"u-svg-content\" viewBox=\"0 0 160 160\" x=\"0px\" y=\"0px\" id=\"svg-1186\" style=\"enable-background:new 0 0 160 160;\"><path d=\"M80,30c27.6,0,50,22.4,50,50s-22.4,50-50,50s-50-22.4-50-50S52.4,30,80,30 M80,0C35.8,0,0,35.8,0,80s35.8,80,80,80\n\ts80-35.8,80-80S124.2,0,80,0L80,0z\"><\/path><\/svg>\n        <\/div>\n        <div class=\"u-shape u-shape-svg u-text-palette-5-base u-shape-2\">\n          <svg class=\"u-svg-link\" preserveAspectRatio=\"none\" viewBox=\"0 0 160 160\" style=\"\"><use xmlns:xlink=\"http:\/\/www.w3.org\/1999\/xlink\" xlink:href=\"#svg-525f\"><\/use><\/svg>\n          <svg class=\"u-svg-content\" viewBox=\"0 0 160 160\" x=\"0px\" y=\"0px\" id=\"svg-525f\" style=\"enable-background:new 0 0 160 160;\"><path d=\"M80,30c27.6,0,50,22.4,50,50s-22.4,50-50,50s-50-22.4-50-50S52.4,30,80,30 M80,0C35.8,0,0,35.8,0,80s35.8,80,80,80\n\ts80-35.8,80-80S124.2,0,80,0L80,0z\"><\/path><\/svg>\n        <\/div>\n        <div class=\"u-align-center u-container-style u-expanded-width u-group u-shape-rectangle u-group-1\">\n          <div class=\"u-container-layout u-container-layout-1\">\n            <h2 class=\"u-text u-text-default u-text-1\">Le vie rurali bikefriendly<\/h2>\n            <p class=\"u-text u-text-2\">Il GAL Colli Esini San Vicino ha promosso lo studio e la messa appunto di un\u2019offerta cicloturistica&nbsp;innovativa, mirata alle caratteristiche ed alle peculiarit\u00e0 delle nostre aree interne, che intende&nbsp;rivolgersi al pi\u00f9 ampio ventaglio di turisti che usano la bici come mezzo di spostamento, dai ciclisti&nbsp;esperti che gi\u00e0 frequentano i nostri territori a quelli, ben pi\u00f9 numerosi, che si stanno affacciando al&nbsp;cicloturismo grazie alla diffusione delle e-bike.<br>Il progetto parte dall\u2019idea che gli elementi di forza delle Marche, sul mercato del turismo, sono: la&nbsp;bellezza del paesaggio, la ruralit\u00e0, la genuinit\u00e0 dei prodotti, la diffusione e prossimit\u00e0 dei borghi e&nbsp;dei siti di interesse che comprendono luoghi d\u2019arte e di storia, siti naturali, ma anche botteghe e&nbsp;luoghi di produzione, dove ancora il lavoro \u00e8 espressione di passione e ricerca attenta. Caratteri&nbsp;questi che rendono il nostro territorio ideale per il turismo esperienziale in bici.<br>L\u2019importante, per sfruttare a pieno queste potenzialit\u00e0, \u00e8 per\u00f2 che l\u2019intera comunit\u00e0 partecipi&nbsp;direttamente alla formazione dell\u2019offerta turistica, proponendosi al visitatore attraverso itinerari ad&nbsp;elevato livello di servizi (informazione, sosta, assistenza bici, coordinamento tra attivit\u00e0 ed iniziative,&nbsp;accessibilit\u00e0, prenotazione strutture turistiche e guide), che tocchino il maggior numero di punti di&nbsp;interesse utilizzando il pi\u00f9 possibile strade rurali esistenti e soprattutto sicure.<br>Il coinvolgimento di tutti gli attori locali (amministrazioni, associazioni, aziende private di interesse&nbsp;turistico come cantine o laboratori artigiani, consorzi etc...) garantisce anche particolari condizioni&nbsp;favorevoli in termini di fattibilit\u00e0 e durata dell\u2019iniziativa, secondo il principio che se tutti&nbsp;contribuiscono, l\u2019entit\u00e0 del contributo si riduce al minimo e consente comunque di mantenere una&nbsp;struttura di coordinamento e promozione (con un sito web dedicato) efficace: una start up snella&nbsp;ma interessata a crescere sul mercato turistico e quindi motivata e propositiva.<br>In riferimento ai diversi paesaggi geografici che possono essere riconosciuti nell\u2019area dei comuni&nbsp;aderenti al GAL Colli Esini San Vicino, il progetto ha individuato 4 itinerari, ciascuno con un nome (i&nbsp;progettisti hanno proposto il nome di un personaggio noto originario del territorio) ed un&nbsp;\u201ccarattere\u201d che differenzia un luogo dall\u2019altro in riferimento al tipo di paesaggio e di atmosfera che&nbsp;il visitatore si trover\u00e0 ad incontrare.<br>\n            <\/p>\n          <\/div>\n        <\/div>\n      <\/div>\n    <\/section>\n    <section class=\"u-align-center u-clearfix u-palette-5-dark-3 u-section-6\" id=\"carousel_fd2b\">\n      <div class=\"u-clearfix u-sheet u-sheet-1\">\n        <div class=\"u-container-style u-group u-palette-5-dark-3 u-group-1\">\n          <div class=\"u-container-layout u-container-layout-1\">\n            <h2 class=\"u-text u-text-1\">I 4 paesaggi<\/h2>\n            <p class=\"u-custom-font u-font-pt-sans u-text u-text-2\">I 4 paesaggi oggetto di studio e di cui si sono ricavati 4 itinerari<br>collegati fra loro.\n            <\/p>\n          <\/div>\n        <\/div>\n        <div class=\"u-clearfix u-gutter-72 u-layout-wrap u-layout-wrap-1\">\n          <div class=\"u-gutter-0 u-layout\">\n            <div class=\"u-layout-row\">\n              <div class=\"u-align-justify u-container-style u-layout-cell u-radius-32 u-shape-round u-size-30 u-white u-layout-cell-1\">\n                <div class=\"u-container-layout u-valign-top u-container-layout-2\">\n                  <p class=\"u-custom-font u-font-pt-sans u-text u-text-default u-text-3\">Le Marche offrono una variet\u00e0 inaspettata di paesaggi. L\u2019apparente uniformit\u00e0 geografica di questa terra compresa tra i monti dell\u2019appennino e l\u2019azzurro del mare adriatico, letta solitamente a partire dalla direttrice litoranea, con il mare di lato, svela una ricchezza di situazione inaspettata se soltanto la si percorre in senso trasversale, tanto pi\u00f9 quanto ci si avvicina arre aree interne.<br>Il pettine trasversale dei fiumi crea innanzi tutto un\u2019alternanza di spazi vallivi chiusi e di crinali panoramici. Una compresenza tra un orizzonte basso, orientato alla terra ed un orizzonte alto, spettacolare e luminoso, che ritorna in pieno nella poetica leopardiana de l\u2019infinito.<br>\n                  <\/p>\n                  <a href=\"https:\/\/esibike.it\/index.php\/paesaggi\/\" class=\"u-active-palette-5-dark-2 u-border-none u-btn u-btn-round u-button-style u-color-scheme-summer-time u-color-style-multicolor-1 u-hover-palette-5-dark-2 u-palette-3-light-1 u-radius-50 u-text-active-white u-text-body-alt-color u-text-hover-white u-btn-1\">leggi ancora<\/a>\n                <\/div>\n              <\/div>\n              <div class=\"u-container-style u-layout-cell u-size-30 u-layout-cell-2\">\n                <div class=\"u-container-layout u-container-layout-3\">\n                  <div class=\"u-image u-image-circle u-image-1\" data-image-width=\"150\" data-image-height=\"87\" style=\"background-image: url(&quot;https:\/\/esibike.it\/wp-content\/uploads\/2022\/03\/f49d5cb3e8ab31a7ee0a12771ed7cb829fc57a58d4757f956b752ef5729ccef8348028782913a2e655c5f8f30718644a4c0f5a82e9421f5c4f5e9a_1280.jpg&quot;);\"><\/div>\n                <\/div>\n              <\/div>\n            <\/div>\n          <\/div>\n        <\/div>\n      <\/div>\n    <\/section>\n    <section class=\"u-clearfix u-section-7\" id=\"carousel_bd00\">\n      <div class=\"u-expanded-width u-gallery u-layout-grid u-lightbox u-no-transition u-show-text-on-hover u-gallery-1\">\n        <div class=\"u-gallery-inner u-gallery-inner-1\">\n          <div class=\"u-effect-fade u-gallery-item\">\n            <div class=\"u-back-slide\" data-image-width=\"150\" data-image-height=\"100\">\n              <img decoding=\"async\" class=\"u-back-image u-expanded\" src=\"https:\/\/esibike.it\/wp-content\/uploads\/2022\/03\/2354900931-0.jpeg\">\n            <\/div>\n            <div class=\"u-over-slide u-shading u-over-slide-1\">\n              <h3 class=\"u-gallery-heading\"><\/h3>\n              <p class=\"u-gallery-text\"><\/p>\n            <\/div>\n          <\/div>\n          <div class=\"u-effect-fade u-gallery-item\">\n            <div class=\"u-back-slide\" data-image-width=\"150\" data-image-height=\"100\">\n              <img decoding=\"async\" class=\"u-back-image u-expanded\" src=\"https:\/\/esibike.it\/wp-content\/uploads\/2022\/03\/2354900931-01.jpeg\">\n            <\/div>\n            <div class=\"u-over-slide u-shading u-over-slide-2\">\n              <h3 class=\"u-gallery-heading\"><\/h3>\n              <p class=\"u-gallery-text\"><\/p>\n            <\/div>\n          <\/div>\n          <div class=\"u-effect-fade u-gallery-item\">\n            <div class=\"u-back-slide\" data-image-width=\"150\" data-image-height=\"112\">\n              <img decoding=\"async\" class=\"u-back-image u-expanded\" src=\"https:\/\/esibike.it\/wp-content\/uploads\/2022\/03\/2354900931-02.jpeg\">\n            <\/div>\n            <div class=\"u-over-slide u-shading u-over-slide-3\">\n              <h3 class=\"u-gallery-heading\"><\/h3>\n              <p class=\"u-gallery-text\"><\/p>\n            <\/div>\n          <\/div>\n        <\/div>\n      <\/div>\n    <\/section>\n    \n    \n    \n  \n","protected":false},"excerpt":{"rendered":"<p>LE VIE RURALI DEL SAN VICINO E DELL&#8217;ESINO BIKE FRIENDLY OGGETTO: Reg. (UE) n. 1305\/2013 &#8211; PSR Regione Marche 2014\u20132022 \u2013 Sottomisura19.3 \u201cPreparazione e attuazione delle attivit\u00e0 di cooperazione dei GAL\u201d &#8211; DDS n. 187\/2019e DDS n. 425\/2019 \u2013 domanda ID 43427 GAL Colli Esini San Vicino srl relativa al progettodi cooperazione interterritoriale \u201cAree rurali &hellip; <a href=\"https:\/\/esibike.it\/\" class=\"more-link\">Continue reading<span class=\"screen-reader-text\"> &#8220;Home&#8221;<\/span><\/a><\/p>\n","protected":false},"author":1,"featured_media":0,"parent":0,"menu_order":5,"comment_status":"closed","ping_status":"closed","template":"","meta":{"footnotes":""},"class_list":["post-74","page","type-page","status-publish","hentry"],"_links":{"self":[{"href":"https:\/\/esibike.it\/index.php\/wp-json\/wp\/v2\/pages\/74","targetHints":{"allow":["GET"]}}],"collection":[{"href":"https:\/\/esibike.it\/index.php\/wp-json\/wp\/v2\/pages"}],"about":[{"href":"https:\/\/esibike.it\/index.php\/wp-json\/wp\/v2\/types\/page"}],"author":[{"embeddable":true,"href":"https:\/\/esibike.it\/index.php\/wp-json\/wp\/v2\/users\/1"}],"replies":[{"embeddable":true,"href":"https:\/\/esibike.it\/index.php\/wp-json\/wp\/v2\/comments?post=74"}],"version-history":[{"count":14,"href":"https:\/\/esibike.it\/index.php\/wp-json\/wp\/v2\/pages\/74\/revisions"}],"predecessor-version":[{"id":690,"href":"https:\/\/esibike.it\/index.php\/wp-json\/wp\/v2\/pages\/74\/revisions\/690"}],"wp:attachment":[{"href":"https:\/\/esibike.it\/index.php\/wp-json\/wp\/v2\/media?parent=74"}],"curies":[{"name":"wp","href":"https:\/\/api.w.org\/{rel}","templated":true}]}}